{"id":92,"date":"2022-11-10T17:29:34","date_gmt":"2022-11-10T17:29:34","guid":{"rendered":"https:\/\/neubau.ac-r.de\/?page_id=92"},"modified":"2023-06-20T23:04:00","modified_gmt":"2023-06-20T21:04:00","slug":"aero-kids","status":"publish","type":"page","link":"https:\/\/ac-r.de\/aero-kids\/","title":{"rendered":"Aero Kids"},"content":{"rendered":"\t\t<div data-elementor-type=\"wp-page\" data-elementor-id=\"92\" class=\"elementor elementor-92\" data-elementor-post-type=\"page\">\n\t\t\t\t\t\t<section class=\"elementor-section elementor-top-section elementor-element elementor-element-4a4dac7b elementor-section-height-min-height elementor-section-boxed elementor-section-height-default elementor-section-items-middle\" data-id=\"4a4dac7b\" data-element_type=\"section\" data-settings=\"{&quot;background_background&quot;:&quot;classic&quot;,&quot;shape_divider_top&quot;:&quot;mountains&quot;}\">\n\t\t\t\t\t\t\t<div class=\"elementor-background-overlay\"><\/div>\n\t\t\t\t\t\t<div class=\"elementor-shape elementor-shape-top\" aria-hidden=\"true\" data-negative=\"false\">\n\t\t\t<svg xmlns=\"http:\/\/www.w3.org\/2000\/svg\" viewBox=\"0 0 1000 100\" preserveAspectRatio=\"none\">\n\t<path class=\"elementor-shape-fill\" opacity=\"0.33\" d=\"M473,67.3c-203.9,88.3-263.1-34-320.3,0C66,119.1,0,59.7,0,59.7V0h1000v59.7 c0,0-62.1,26.1-94.9,29.3c-32.8,3.3-62.8-12.3-75.8-22.1C806,49.6,745.3,8.7,694.9,4.7S492.4,59,473,67.3z\"\/>\n\t<path class=\"elementor-shape-fill\" opacity=\"0.66\" d=\"M734,67.3c-45.5,0-77.2-23.2-129.1-39.1c-28.6-8.7-150.3-10.1-254,39.1 s-91.7-34.4-149.2,0C115.7,118.3,0,39.8,0,39.8V0h1000v36.5c0,0-28.2-18.5-92.1-18.5C810.2,18.1,775.7,67.3,734,67.3z\"\/>\n\t<path class=\"elementor-shape-fill\" d=\"M766.1,28.9c-200-57.5-266,65.5-395.1,19.5C242,1.8,242,5.4,184.8,20.6C128,35.8,132.3,44.9,89.9,52.5C28.6,63.7,0,0,0,0 h1000c0,0-9.9,40.9-83.6,48.1S829.6,47,766.1,28.9z\"\/>\n<\/svg>\t\t<\/div>\n\t\t\t\t\t<div class=\"elementor-container elementor-column-gap-default\">\n\t\t\t\t\t<div class=\"elementor-column elementor-col-100 elementor-top-column elementor-element elementor-element-5f1f91f\" data-id=\"5f1f91f\" data-element_type=\"column\">\n\t\t\t<div class=\"elementor-widget-wrap elementor-element-populated\">\n\t\t\t\t\t\t<div class=\"elementor-element elementor-element-d9a4c3e elementor-widget elementor-widget-spacer\" data-id=\"d9a4c3e\" data-element_type=\"widget\" data-widget_type=\"spacer.default\">\n\t\t\t\t<div class=\"elementor-widget-container\">\n\t\t\t\t\t\t\t<div class=\"elementor-spacer\">\n\t\t\t<div class=\"elementor-spacer-inner\"><\/div>\n\t\t<\/div>\n\t\t\t\t\t\t<\/div>\n\t\t\t\t<\/div>\n\t\t\t\t<section class=\"elementor-section elementor-inner-section elementor-element elementor-element-6a9872f elementor-section-boxed elementor-section-height-default elementor-section-height-default\" data-id=\"6a9872f\" data-element_type=\"section\">\n\t\t\t\t\t\t<div class=\"elementor-container elementor-column-gap-default\">\n\t\t\t\t\t<div class=\"elementor-column elementor-col-50 elementor-inner-column elementor-element elementor-element-f646b8e\" data-id=\"f646b8e\" data-element_type=\"column\">\n\t\t\t<div class=\"elementor-widget-wrap\">\n\t\t\t\t\t\t\t<\/div>\n\t\t<\/div>\n\t\t\t\t<div class=\"elementor-column elementor-col-50 elementor-inner-column elementor-element elementor-element-630893c\" data-id=\"630893c\" data-element_type=\"column\">\n\t\t\t<div class=\"elementor-widget-wrap elementor-element-populated\">\n\t\t\t\t\t\t<div class=\"elementor-element elementor-element-fcf8e51 elementor-hidden-mobile elementor-widget elementor-widget-image\" data-id=\"fcf8e51\" data-element_type=\"widget\" data-widget_type=\"image.default\">\n\t\t\t\t<div class=\"elementor-widget-container\">\n\t\t\t\t\t\t\t\t\t\t\t\t\t\t\t<img decoding=\"async\" width=\"300\" height=\"134\" src=\"https:\/\/ac-r.de\/wp-content\/uploads\/2022\/11\/aero-kids-logo-300x134.png\" class=\"attachment-medium size-medium wp-image-869\" alt=\"\" srcset=\"https:\/\/ac-r.de\/wp-content\/uploads\/2022\/11\/aero-kids-logo-300x134.png 300w, https:\/\/ac-r.de\/wp-content\/uploads\/2022\/11\/aero-kids-logo-768x343.png 768w, https:\/\/ac-r.de\/wp-content\/uploads\/2022\/11\/aero-kids-logo.png 900w\" sizes=\"(max-width: 300px) 100vw, 300px\" \/>\t\t\t\t\t\t\t\t\t\t\t\t\t\t\t<\/div>\n\t\t\t\t<\/div>\n\t\t\t\t\t<\/div>\n\t\t<\/div>\n\t\t\t\t\t<\/div>\n\t\t<\/section>\n\t\t\t\t\t<\/div>\n\t\t<\/div>\n\t\t\t\t\t<\/div>\n\t\t<\/section>\n\t\t\t\t<section class=\"elementor-section elementor-top-section elementor-element elementor-element-52a3af94 elementor-section-height-min-height elementor-section-boxed elementor-section-height-default elementor-section-items-middle\" data-id=\"52a3af94\" data-element_type=\"section\" data-settings=\"{&quot;background_background&quot;:&quot;gradient&quot;,&quot;shape_divider_top&quot;:&quot;mountains&quot;}\">\n\t\t\t\t\t<div class=\"elementor-shape elementor-shape-top\" aria-hidden=\"true\" data-negative=\"false\">\n\t\t\t<svg xmlns=\"http:\/\/www.w3.org\/2000\/svg\" viewBox=\"0 0 1000 100\" preserveAspectRatio=\"none\">\n\t<path class=\"elementor-shape-fill\" opacity=\"0.33\" d=\"M473,67.3c-203.9,88.3-263.1-34-320.3,0C66,119.1,0,59.7,0,59.7V0h1000v59.7 c0,0-62.1,26.1-94.9,29.3c-32.8,3.3-62.8-12.3-75.8-22.1C806,49.6,745.3,8.7,694.9,4.7S492.4,59,473,67.3z\"\/>\n\t<path class=\"elementor-shape-fill\" opacity=\"0.66\" d=\"M734,67.3c-45.5,0-77.2-23.2-129.1-39.1c-28.6-8.7-150.3-10.1-254,39.1 s-91.7-34.4-149.2,0C115.7,118.3,0,39.8,0,39.8V0h1000v36.5c0,0-28.2-18.5-92.1-18.5C810.2,18.1,775.7,67.3,734,67.3z\"\/>\n\t<path class=\"elementor-shape-fill\" d=\"M766.1,28.9c-200-57.5-266,65.5-395.1,19.5C242,1.8,242,5.4,184.8,20.6C128,35.8,132.3,44.9,89.9,52.5C28.6,63.7,0,0,0,0 h1000c0,0-9.9,40.9-83.6,48.1S829.6,47,766.1,28.9z\"\/>\n<\/svg>\t\t<\/div>\n\t\t\t\t\t<div class=\"elementor-container elementor-column-gap-default\">\n\t\t\t\t\t<div class=\"elementor-column elementor-col-100 elementor-top-column elementor-element elementor-element-7851d582\" data-id=\"7851d582\" data-element_type=\"column\">\n\t\t\t<div class=\"elementor-widget-wrap elementor-element-populated\">\n\t\t\t\t\t\t<section class=\"elementor-section elementor-inner-section elementor-element elementor-element-629c8bf5 elementor-section-boxed elementor-section-height-default elementor-section-height-default\" data-id=\"629c8bf5\" data-element_type=\"section\">\n\t\t\t\t\t\t<div class=\"elementor-container elementor-column-gap-default\">\n\t\t\t\t\t<div class=\"elementor-column elementor-col-50 elementor-inner-column elementor-element elementor-element-68522f24\" data-id=\"68522f24\" data-element_type=\"column\">\n\t\t\t<div class=\"elementor-widget-wrap elementor-element-populated\">\n\t\t\t\t\t\t<div class=\"elementor-element elementor-element-27ab39d4 elementor-widget-divider--view-line elementor-widget elementor-widget-divider\" data-id=\"27ab39d4\" data-element_type=\"widget\" data-widget_type=\"divider.default\">\n\t\t\t\t<div class=\"elementor-widget-container\">\n\t\t\t\t\t\t\t<div class=\"elementor-divider\">\n\t\t\t<span class=\"elementor-divider-separator\">\n\t\t\t\t\t\t<\/span>\n\t\t<\/div>\n\t\t\t\t\t\t<\/div>\n\t\t\t\t<\/div>\n\t\t\t\t\t<\/div>\n\t\t<\/div>\n\t\t\t\t<div class=\"elementor-column elementor-col-50 elementor-inner-column elementor-element elementor-element-41161e72\" data-id=\"41161e72\" data-element_type=\"column\">\n\t\t\t<div class=\"elementor-widget-wrap elementor-element-populated\">\n\t\t\t\t\t\t<div class=\"elementor-element elementor-element-5028f6bd elementor-view-default elementor-widget elementor-widget-icon\" data-id=\"5028f6bd\" data-element_type=\"widget\" data-widget_type=\"icon.default\">\n\t\t\t\t<div class=\"elementor-widget-container\">\n\t\t\t\t\t\t\t<div class=\"elementor-icon-wrapper\">\n\t\t\t<div class=\"elementor-icon\">\n\t\t\t<i aria-hidden=\"true\" class=\"fas fa-plane\"><\/i>\t\t\t<\/div>\n\t\t<\/div>\n\t\t\t\t\t\t<\/div>\n\t\t\t\t<\/div>\n\t\t\t\t\t<\/div>\n\t\t<\/div>\n\t\t\t\t\t<\/div>\n\t\t<\/section>\n\t\t\t\t<div class=\"elementor-element elementor-element-5dfff742 elementor-widget elementor-widget-heading\" data-id=\"5dfff742\" data-element_type=\"widget\" data-widget_type=\"heading.default\">\n\t\t\t\t<div class=\"elementor-widget-container\">\n\t\t\t\t\t<h1 class=\"elementor-heading-title elementor-size-default\">AERO KIDS<\/h1>\t\t\t\t<\/div>\n\t\t\t\t<\/div>\n\t\t\t\t<div class=\"elementor-element elementor-element-71570b77 elementor-hidden-mobile elementor-widget elementor-widget-spacer\" data-id=\"71570b77\" data-element_type=\"widget\" data-widget_type=\"spacer.default\">\n\t\t\t\t<div class=\"elementor-widget-container\">\n\t\t\t\t\t\t\t<div class=\"elementor-spacer\">\n\t\t\t<div class=\"elementor-spacer-inner\"><\/div>\n\t\t<\/div>\n\t\t\t\t\t\t<\/div>\n\t\t\t\t<\/div>\n\t\t\t\t<div class=\"elementor-element elementor-element-2d2218c elementor-widget elementor-widget-text-editor\" data-id=\"2d2218c\" data-element_type=\"widget\" data-widget_type=\"text-editor.default\">\n\t\t\t\t<div class=\"elementor-widget-container\">\n\t\t\t\t\t\t\t\t\t<p>Die AeroKids wurden im Januar 2005 gegr\u00fcndet, um Jugendlichen ab 10 Jahren eine Art der Freizeitbesch\u00e4ftigung n\u00e4her zu bringen, die im Zeitalter von Computer, Internet und Playstation die moderne Technik sowie den kreativen und sportlichen Aspekt miteinander verbindet &#8211; den Modellflug!<\/p><p>Bei uns geht es nicht um H\u00f6chstleistungen, sondern haupts\u00e4chlich um den Spa\u00df an unserem Hobby. Wer technikinteressiert ist, sich gerne mit Bastelarbeiten besch\u00e4ftigt, ausdauernd ist und Spa\u00df daran hat, sich an der frischen Luft zu bewegen, der ist bei uns genau richtig.<\/p><p>Modellfliegen ist aber nicht &#8222;nur am Boden stehen und kleine Flieger durch die Luft sausen lassen&#8220;: Modellfliegen verbindet in idealer Weise Technik, Naturgesetze (Physik), Ausdauer und Kreativit\u00e4t miteinander. Und nebenbei wird auch noch die Feinmotorik geschult.<\/p><p>Wir fliegen am Anfang mit vereinseigenen Maschinen, vom Verbrenner bis zum Elektro(segel)flieger. Der Sender des Flugsch\u00fclers wird dabei mit dem Lehrersender per Kabel oder Funk verbunden, sodass im Notfall der Lehrer sofort die Verbindung zum Modell \u00fcbernehmen kann (fast wie in der Fahrschule). F\u00fcr den Sch\u00fcler besteht also keine Gefahr, etwas an den Modellen kaputt zu machen !!<\/p>\t\t\t\t\t\t\t\t<\/div>\n\t\t\t\t<\/div>\n\t\t\t\t<section class=\"elementor-section elementor-inner-section elementor-element elementor-element-a73e0d7 stax-condition-yes stax-user_role_enabled-yes elementor-section-boxed elementor-section-height-default elementor-section-height-default\" data-id=\"a73e0d7\" data-element_type=\"section\">\n\t\t\t\t\t\t<div class=\"elementor-container elementor-column-gap-default\">\n\t\t\t\t\t<div class=\"elementor-column elementor-col-50 elementor-inner-column elementor-element elementor-element-87934dc\" data-id=\"87934dc\" data-element_type=\"column\">\n\t\t\t<div class=\"elementor-widget-wrap elementor-element-populated\">\n\t\t\t\t\t\t<div class=\"elementor-element elementor-element-6aaeb524 elementor-widget elementor-widget-button\" data-id=\"6aaeb524\" data-element_type=\"widget\" data-widget_type=\"button.default\">\n\t\t\t\t<div class=\"elementor-widget-container\">\n\t\t\t\t\t\t\t\t\t<div class=\"elementor-button-wrapper\">\n\t\t\t\t\t<a class=\"elementor-button elementor-button-link elementor-size-sm\" href=\"#elementor-action%3Aaction%3Dpopup%3Aopen%26settings%3DeyJpZCI6IjM4MjciLCJ0b2dnbGUiOmZhbHNlfQ%3D%3D\">\n\t\t\t\t\t\t<span class=\"elementor-button-content-wrapper\">\n\t\t\t\t\t\t<span class=\"elementor-button-icon\">\n\t\t\t\t<i aria-hidden=\"true\" class=\"fas fa-user-plus\"><\/i>\t\t\t<\/span>\n\t\t\t\t\t\t\t\t\t<span class=\"elementor-button-text\">jetzt Mitglied werden<\/span>\n\t\t\t\t\t<\/span>\n\t\t\t\t\t<\/a>\n\t\t\t\t<\/div>\n\t\t\t\t\t\t\t\t<\/div>\n\t\t\t\t<\/div>\n\t\t\t\t\t<\/div>\n\t\t<\/div>\n\t\t\t\t<div class=\"elementor-column elementor-col-50 elementor-inner-column elementor-element elementor-element-7d416b1\" data-id=\"7d416b1\" data-element_type=\"column\">\n\t\t\t<div class=\"elementor-widget-wrap elementor-element-populated\">\n\t\t\t\t\t\t<div class=\"elementor-element elementor-element-741ccc77 elementor-widget elementor-widget-text-editor\" data-id=\"741ccc77\" data-element_type=\"widget\" data-widget_type=\"text-editor.default\">\n\t\t\t\t<div class=\"elementor-widget-container\">\n\t\t\t\t\t\t\t\t\t<p>P.S.: (Gro\u00df-)Eltern sind nat\u00fcrlich auch jederzeit herzlich willkommen!<\/p>\t\t\t\t\t\t\t\t<\/div>\n\t\t\t\t<\/div>\n\t\t\t\t\t<\/div>\n\t\t<\/div>\n\t\t\t\t\t<\/div>\n\t\t<\/section>\n\t\t\t\t<div class=\"elementor-element elementor-element-b23f0af elementor-widget elementor-widget-spacer\" data-id=\"b23f0af\" data-element_type=\"widget\" data-widget_type=\"spacer.default\">\n\t\t\t\t<div class=\"elementor-widget-container\">\n\t\t\t\t\t\t\t<div class=\"elementor-spacer\">\n\t\t\t<div class=\"elementor-spacer-inner\"><\/div>\n\t\t<\/div>\n\t\t\t\t\t\t<\/div>\n\t\t\t\t<\/div>\n\t\t\t\t<div class=\"elementor-element elementor-element-d194bae elementor-widget__width-inherit elementor-widget elementor-widget-html\" data-id=\"d194bae\" data-element_type=\"widget\" data-widget_type=\"html.default\">\n\t\t\t\t<div class=\"elementor-widget-container\">\n\t\t\t\t\t\n\t\t\t\t\t<style>\n\t\t\t\t\t\t.ytu_68b9bfedc9942 { width: 100%; height: 100%; }\n\t\t\t\t\t\t.display_bottom.ytu_68b9bfedc9942 .tac_activate { width: 100%; }\n\t\t\t\t\t@media only screen and (max-width: 100%) {\n\t\t\t\t\t\t.display_bottom.ytu_68b9bfedc9942 .tac_activate { width: 100%; }\n\t\t\t\t\t\t.ytu_68b9bfedc9942 { width: 100% !important;}\n\t\t\t\t\t}\n\t\t\t\t\t<\/style><style>.display_bottom.ytu_68b9bfedc9942 .tac_activate {    position: absolute; bottom: 0px;} .display_bottom.ytu_68b9bfedc9942 {     float: left; position: relative; } <\/style><div class=\"youtube_player display_bottom ytu_68b9bfedc9942\" thumb=\"https:\/\/ac-r.de\/wp-content\/dsgvo-all-in-one-wp-pro\/thumbnails\/_HpQOp23CAI\/_HpQOp23CAI.png\"  videoID=\"_HpQOp23CAI\" width=\"100%\" height=\"100%\" theme=\"light\" controls=\"1\" rel=\"0\" autoplay=\"0\"><\/div>\t\t\t\t<\/div>\n\t\t\t\t<\/div>\n\t\t\t\t<div class=\"elementor-element elementor-element-a58c371 elementor-hidden-mobile elementor-widget elementor-widget-spacer\" data-id=\"a58c371\" data-element_type=\"widget\" data-widget_type=\"spacer.default\">\n\t\t\t\t<div class=\"elementor-widget-container\">\n\t\t\t\t\t\t\t<div class=\"elementor-spacer\">\n\t\t\t<div class=\"elementor-spacer-inner\"><\/div>\n\t\t<\/div>\n\t\t\t\t\t\t<\/div>\n\t\t\t\t<\/div>\n\t\t\t\t<div class=\"elementor-element elementor-element-fdba86d elementor-widget elementor-widget-image\" data-id=\"fdba86d\" data-element_type=\"widget\" data-widget_type=\"image.default\">\n\t\t\t\t<div class=\"elementor-widget-container\">\n\t\t\t\t\t\t\t\t\t\t\t\t\t\t\t<img decoding=\"async\" width=\"300\" height=\"134\" src=\"https:\/\/ac-r.de\/wp-content\/uploads\/2022\/11\/aero-kids-logo-300x134.png\" class=\"attachment-medium size-medium wp-image-869\" alt=\"\" srcset=\"https:\/\/ac-r.de\/wp-content\/uploads\/2022\/11\/aero-kids-logo-300x134.png 300w, https:\/\/ac-r.de\/wp-content\/uploads\/2022\/11\/aero-kids-logo-768x343.png 768w, https:\/\/ac-r.de\/wp-content\/uploads\/2022\/11\/aero-kids-logo.png 900w\" sizes=\"(max-width: 300px) 100vw, 300px\" \/>\t\t\t\t\t\t\t\t\t\t\t\t\t\t\t<\/div>\n\t\t\t\t<\/div>\n\t\t\t\t<div class=\"elementor-element elementor-element-6243720d elementor-widget elementor-widget-heading\" data-id=\"6243720d\" data-element_type=\"widget\" data-widget_type=\"heading.default\">\n\t\t\t\t<div class=\"elementor-widget-container\">\n\t\t\t\t\t<h2 class=\"elementor-heading-title elementor-size-default\">Wir stellen uns vor... <\/h2>\t\t\t\t<\/div>\n\t\t\t\t<\/div>\n\t\t\t\t<div class=\"elementor-element elementor-element-552d4bf elementor-widget elementor-widget-text-editor\" data-id=\"552d4bf\" data-element_type=\"widget\" data-widget_type=\"text-editor.default\">\n\t\t\t\t<div class=\"elementor-widget-container\">\n\t\t\t\t\t\t\t\t\t<p>Wir fliegen am Anfang mit vereinseigenen Maschinen, vom Verbrenner bis zum Elektro(segel)flieger. Der Sender des Flugsch\u00fclers wird dabei mit dem Lehrersender per Kabel oder Funk verbunden, sodass im Notfall der Lehrer sofort die Verbindung zum Modell \u00fcbernehmen kann (fast wie in der Fahrschule). F\u00fcr den Sch\u00fcler besteht also keine Gefahr, etwas an den Modellen kaputt zu machen!!<\/p>\t\t\t\t\t\t\t\t<\/div>\n\t\t\t\t<\/div>\n\t\t\t\t<div class=\"elementor-element elementor-element-3d0f308c elementor-widget elementor-widget-gallery\" data-id=\"3d0f308c\" data-element_type=\"widget\" data-settings=\"{&quot;gap&quot;:{&quot;unit&quot;:&quot;px&quot;,&quot;size&quot;:30,&quot;sizes&quot;:[]},&quot;aspect_ratio&quot;:&quot;1:1&quot;,&quot;lazyload&quot;:&quot;yes&quot;,&quot;gallery_layout&quot;:&quot;grid&quot;,&quot;columns&quot;:4,&quot;columns_tablet&quot;:2,&quot;columns_mobile&quot;:1,&quot;gap_tablet&quot;:{&quot;unit&quot;:&quot;px&quot;,&quot;size&quot;:10,&quot;sizes&quot;:[]},&quot;gap_mobile&quot;:{&quot;unit&quot;:&quot;px&quot;,&quot;size&quot;:10,&quot;sizes&quot;:[]},&quot;link_to&quot;:&quot;file&quot;,&quot;overlay_background&quot;:&quot;yes&quot;,&quot;content_hover_animation&quot;:&quot;fade-in&quot;}\" data-widget_type=\"gallery.default\">\n\t\t\t\t<div class=\"elementor-widget-container\">\n\t\t\t\t\t\t\t<div class=\"elementor-gallery__container\">\n\t\t\t\t\t\t\t<a class=\"e-gallery-item elementor-gallery-item elementor-animated-content\" href=\"https:\/\/ac-r.de\/wp-content\/uploads\/2022\/11\/DSC_0081-1.jpg\" data-elementor-open-lightbox=\"yes\" data-elementor-lightbox-slideshow=\"3d0f308c\" data-elementor-lightbox-title=\"DSC_0081\" data-e-action-hash=\"#elementor-action%3Aaction%3Dlightbox%26settings%3DeyJpZCI6ODcwLCJ1cmwiOiJodHRwczpcL1wvYWMtci5kZVwvd3AtY29udGVudFwvdXBsb2Fkc1wvMjAyMlwvMTFcL0RTQ18wMDgxLTEuanBnIiwic2xpZGVzaG93IjoiM2QwZjMwOGMifQ%3D%3D\">\n\t\t\t\t\t<div class=\"e-gallery-image elementor-gallery-item__image\" data-thumbnail=\"https:\/\/ac-r.de\/wp-content\/uploads\/2022\/11\/DSC_0081-1-768x432.jpg\" data-width=\"768\" data-height=\"432\" aria-label=\"\" role=\"img\" ><\/div>\n\t\t\t\t\t\t\t\t\t\t\t<div class=\"elementor-gallery-item__overlay\"><\/div>\n\t\t\t\t\t\t\t\t\t\t\t\t\t\t<\/a>\n\t\t\t\t\t\t\t<a class=\"e-gallery-item elementor-gallery-item elementor-animated-content\" href=\"https:\/\/ac-r.de\/wp-content\/uploads\/2022\/11\/DSC_0104-1.jpg\" data-elementor-open-lightbox=\"yes\" data-elementor-lightbox-slideshow=\"3d0f308c\" data-elementor-lightbox-title=\"DSC_0104\" data-e-action-hash=\"#elementor-action%3Aaction%3Dlightbox%26settings%3DeyJpZCI6ODcyLCJ1cmwiOiJodHRwczpcL1wvYWMtci5kZVwvd3AtY29udGVudFwvdXBsb2Fkc1wvMjAyMlwvMTFcL0RTQ18wMTA0LTEuanBnIiwic2xpZGVzaG93IjoiM2QwZjMwOGMifQ%3D%3D\">\n\t\t\t\t\t<div class=\"e-gallery-image elementor-gallery-item__image\" data-thumbnail=\"https:\/\/ac-r.de\/wp-content\/uploads\/2022\/11\/DSC_0104-1.jpg\" data-width=\"563\" data-height=\"802\" aria-label=\"\" role=\"img\" ><\/div>\n\t\t\t\t\t\t\t\t\t\t\t<div class=\"elementor-gallery-item__overlay\"><\/div>\n\t\t\t\t\t\t\t\t\t\t\t\t\t\t<\/a>\n\t\t\t\t\t\t\t<a class=\"e-gallery-item elementor-gallery-item elementor-animated-content\" href=\"https:\/\/ac-r.de\/wp-content\/uploads\/2022\/11\/DSCt_0001.jpg\" data-elementor-open-lightbox=\"yes\" data-elementor-lightbox-slideshow=\"3d0f308c\" data-elementor-lightbox-title=\"DSCt_0001\" data-e-action-hash=\"#elementor-action%3Aaction%3Dlightbox%26settings%3DeyJpZCI6ODc0LCJ1cmwiOiJodHRwczpcL1wvYWMtci5kZVwvd3AtY29udGVudFwvdXBsb2Fkc1wvMjAyMlwvMTFcL0RTQ3RfMDAwMS5qcGciLCJzbGlkZXNob3ciOiIzZDBmMzA4YyJ9\">\n\t\t\t\t\t<div class=\"e-gallery-image elementor-gallery-item__image\" data-thumbnail=\"https:\/\/ac-r.de\/wp-content\/uploads\/2022\/11\/DSCt_0001-768x509.jpg\" data-width=\"768\" data-height=\"509\" aria-label=\"\" role=\"img\" ><\/div>\n\t\t\t\t\t\t\t\t\t\t\t<div class=\"elementor-gallery-item__overlay\"><\/div>\n\t\t\t\t\t\t\t\t\t\t\t\t\t\t<\/a>\n\t\t\t\t\t\t\t<a class=\"e-gallery-item elementor-gallery-item elementor-animated-content\" href=\"https:\/\/ac-r.de\/wp-content\/uploads\/2022\/11\/IMG_0070-scaled.jpg\" data-elementor-open-lightbox=\"yes\" data-elementor-lightbox-slideshow=\"3d0f308c\" data-elementor-lightbox-title=\"IMG_0070\" data-e-action-hash=\"#elementor-action%3Aaction%3Dlightbox%26settings%3DeyJpZCI6ODc1LCJ1cmwiOiJodHRwczpcL1wvYWMtci5kZVwvd3AtY29udGVudFwvdXBsb2Fkc1wvMjAyMlwvMTFcL0lNR18wMDcwLXNjYWxlZC5qcGciLCJzbGlkZXNob3ciOiIzZDBmMzA4YyJ9\">\n\t\t\t\t\t<div class=\"e-gallery-image elementor-gallery-item__image\" data-thumbnail=\"https:\/\/ac-r.de\/wp-content\/uploads\/2022\/11\/IMG_0070-768x512.jpg\" data-width=\"768\" data-height=\"512\" aria-label=\"\" role=\"img\" ><\/div>\n\t\t\t\t\t\t\t\t\t\t\t<div class=\"elementor-gallery-item__overlay\"><\/div>\n\t\t\t\t\t\t\t\t\t\t\t\t\t\t<\/a>\n\t\t\t\t\t\t\t<a class=\"e-gallery-item elementor-gallery-item elementor-animated-content\" href=\"https:\/\/ac-r.de\/wp-content\/uploads\/2022\/11\/RJM2017-NRW1-Elektro.jpg\" data-elementor-open-lightbox=\"yes\" data-elementor-lightbox-slideshow=\"3d0f308c\" data-elementor-lightbox-title=\"RJM2017-NRW1-Elektro\" data-e-action-hash=\"#elementor-action%3Aaction%3Dlightbox%26settings%3DeyJpZCI6ODc2LCJ1cmwiOiJodHRwczpcL1wvYWMtci5kZVwvd3AtY29udGVudFwvdXBsb2Fkc1wvMjAyMlwvMTFcL1JKTTIwMTctTlJXMS1FbGVrdHJvLmpwZyIsInNsaWRlc2hvdyI6IjNkMGYzMDhjIn0%3D\">\n\t\t\t\t\t<div class=\"e-gallery-image elementor-gallery-item__image\" data-thumbnail=\"https:\/\/ac-r.de\/wp-content\/uploads\/2022\/11\/RJM2017-NRW1-Elektro.jpg\" data-width=\"606\" data-height=\"800\" aria-label=\"\" role=\"img\" ><\/div>\n\t\t\t\t\t\t\t\t\t\t\t<div class=\"elementor-gallery-item__overlay\"><\/div>\n\t\t\t\t\t\t\t\t\t\t\t\t\t\t<\/a>\n\t\t\t\t\t\t\t<a class=\"e-gallery-item elementor-gallery-item elementor-animated-content\" href=\"https:\/\/ac-r.de\/wp-content\/uploads\/2022\/11\/RJM2017-NRW1-Expert.jpg\" data-elementor-open-lightbox=\"yes\" data-elementor-lightbox-slideshow=\"3d0f308c\" data-elementor-lightbox-title=\"RJM2017-NRW1-Expert\" data-e-action-hash=\"#elementor-action%3Aaction%3Dlightbox%26settings%3DeyJpZCI6ODc3LCJ1cmwiOiJodHRwczpcL1wvYWMtci5kZVwvd3AtY29udGVudFwvdXBsb2Fkc1wvMjAyMlwvMTFcL1JKTTIwMTctTlJXMS1FeHBlcnQuanBnIiwic2xpZGVzaG93IjoiM2QwZjMwOGMifQ%3D%3D\">\n\t\t\t\t\t<div class=\"e-gallery-image elementor-gallery-item__image\" data-thumbnail=\"https:\/\/ac-r.de\/wp-content\/uploads\/2022\/11\/RJM2017-NRW1-Expert.jpg\" data-width=\"704\" data-height=\"800\" aria-label=\"\" role=\"img\" ><\/div>\n\t\t\t\t\t\t\t\t\t\t\t<div class=\"elementor-gallery-item__overlay\"><\/div>\n\t\t\t\t\t\t\t\t\t\t\t\t\t\t<\/a>\n\t\t\t\t\t\t\t<a class=\"e-gallery-item elementor-gallery-item elementor-animated-content\" href=\"https:\/\/ac-r.de\/wp-content\/uploads\/2022\/11\/RJM2017-NRW1-Junior.jpg\" data-elementor-open-lightbox=\"yes\" data-elementor-lightbox-slideshow=\"3d0f308c\" data-elementor-lightbox-title=\"RJM2017-NRW1-Junior\" data-e-action-hash=\"#elementor-action%3Aaction%3Dlightbox%26settings%3DeyJpZCI6ODc4LCJ1cmwiOiJodHRwczpcL1wvYWMtci5kZVwvd3AtY29udGVudFwvdXBsb2Fkc1wvMjAyMlwvMTFcL1JKTTIwMTctTlJXMS1KdW5pb3IuanBnIiwic2xpZGVzaG93IjoiM2QwZjMwOGMifQ%3D%3D\">\n\t\t\t\t\t<div class=\"e-gallery-image elementor-gallery-item__image\" data-thumbnail=\"https:\/\/ac-r.de\/wp-content\/uploads\/2022\/11\/RJM2017-NRW1-Junior.jpg\" data-width=\"616\" data-height=\"800\" aria-label=\"\" role=\"img\" ><\/div>\n\t\t\t\t\t\t\t\t\t\t\t<div class=\"elementor-gallery-item__overlay\"><\/div>\n\t\t\t\t\t\t\t\t\t\t\t\t\t\t<\/a>\n\t\t\t\t\t\t\t<a class=\"e-gallery-item elementor-gallery-item elementor-animated-content\" href=\"https:\/\/ac-r.de\/wp-content\/uploads\/2022\/11\/RJM2017-NRW1-Schlepp.jpg\" data-elementor-open-lightbox=\"yes\" data-elementor-lightbox-slideshow=\"3d0f308c\" data-elementor-lightbox-title=\"RJM2017-NRW1-Schlepp\" data-e-action-hash=\"#elementor-action%3Aaction%3Dlightbox%26settings%3DeyJpZCI6ODc5LCJ1cmwiOiJodHRwczpcL1wvYWMtci5kZVwvd3AtY29udGVudFwvdXBsb2Fkc1wvMjAyMlwvMTFcL1JKTTIwMTctTlJXMS1TY2hsZXBwLmpwZyIsInNsaWRlc2hvdyI6IjNkMGYzMDhjIn0%3D\">\n\t\t\t\t\t<div class=\"e-gallery-image elementor-gallery-item__image\" data-thumbnail=\"https:\/\/ac-r.de\/wp-content\/uploads\/2022\/11\/RJM2017-NRW1-Schlepp.jpg\" data-width=\"751\" data-height=\"800\" aria-label=\"\" role=\"img\" ><\/div>\n\t\t\t\t\t\t\t\t\t\t\t<div class=\"elementor-gallery-item__overlay\"><\/div>\n\t\t\t\t\t\t\t\t\t\t\t\t\t\t<\/a>\n\t\t\t\t\t<\/div>\n\t\t\t\t\t<\/div>\n\t\t\t\t<\/div>\n\t\t\t\t<div class=\"elementor-element elementor-element-ae4be29 elementor-widget elementor-widget-spacer\" data-id=\"ae4be29\" data-element_type=\"widget\" data-widget_type=\"spacer.default\">\n\t\t\t\t<div class=\"elementor-widget-container\">\n\t\t\t\t\t\t\t<div class=\"elementor-spacer\">\n\t\t\t<div class=\"elementor-spacer-inner\"><\/div>\n\t\t<\/div>\n\t\t\t\t\t\t<\/div>\n\t\t\t\t<\/div>\n\t\t\t\t\t<\/div>\n\t\t<\/div>\n\t\t\t\t\t<\/div>\n\t\t<\/section>\n\t\t\t\t<\/div>\n\t\t","protected":false},"excerpt":{"rendered":"<p>AERO KIDS Die AeroKids wurden im Januar 2005 gegr\u00fcndet, um Jugendlichen ab 10 Jahren eine Art der Freizeitbesch\u00e4ftigung n\u00e4her zu bringen, die im Zeitalter von Computer, Internet und Playstation die moderne Technik sowie den kreativen und sportlichen Aspekt miteinander verbindet &#8211; den Modellflug! Bei uns geht es nicht um H\u00f6chstleistungen, sondern haupts\u00e4chlich um den Spa\u00df [&hellip;]<\/p>\n","protected":false},"author":1,"featured_media":0,"parent":0,"menu_order":30,"comment_status":"closed","ping_status":"closed","template":"elementor_header_footer","meta":{"footnotes":""},"class_list":["post-92","page","type-page","status-publish","hentry"],"aioseo_notices":[],"_links":{"self":[{"href":"https:\/\/ac-r.de\/wp-json\/wp\/v2\/pages\/92","targetHints":{"allow":["GET"]}}],"collection":[{"href":"https:\/\/ac-r.de\/wp-json\/wp\/v2\/pages"}],"about":[{"href":"https:\/\/ac-r.de\/wp-json\/wp\/v2\/types\/page"}],"author":[{"embeddable":true,"href":"https:\/\/ac-r.de\/wp-json\/wp\/v2\/users\/1"}],"replies":[{"embeddable":true,"href":"https:\/\/ac-r.de\/wp-json\/wp\/v2\/comments?post=92"}],"version-history":[{"count":0,"href":"https:\/\/ac-r.de\/wp-json\/wp\/v2\/pages\/92\/revisions"}],"wp:attachment":[{"href":"https:\/\/ac-r.de\/wp-json\/wp\/v2\/media?parent=92"}],"curies":[{"name":"wp","href":"https:\/\/api.w.org\/{rel}","templated":true}]}}